{"id":21,"date":"2020-12-08T03:53:12","date_gmt":"2020-12-08T00:53:12","guid":{"rendered":"https:\/\/gaviaspreview.com\/wp\/funden\/?page_id=21"},"modified":"2024-12-09T17:37:05","modified_gmt":"2024-12-09T14:37:05","slug":"hakkimizda","status":"publish","type":"page","link":"https:\/\/istanbulairportransfer.com\/en\/hakkimizda\/","title":{"rendered":"About Us"},"content":{"rendered":"<div data-elementor-type=\"wp-page\" data-elementor-id=\"21\" class=\"elementor elementor-21\">\n\t\t\t\t\t\t<section class=\"elementor-section elementor-top-section elementor-element elementor-element-631d6ce elementor-section-boxed elementor-section-height-default elementor-section-height-default\" data-id=\"631d6ce\" data-element_type=\"section\" data-settings=\"{&quot;background_background&quot;:&quot;slideshow&quot;,&quot;background_slideshow_gallery&quot;:[{&quot;id&quot;:3705,&quot;url&quot;:&quot;https:\\\/\\\/istanbulairportransfer.com\\\/wp-content\\\/uploads\\\/2024\\\/09\\\/istanbul-vip-transfer-2.jpg&quot;},{&quot;id&quot;:3700,&quot;url&quot;:&quot;https:\\\/\\\/istanbulairportransfer.com\\\/wp-content\\\/uploads\\\/2024\\\/09\\\/byviptravel-istanbul-havalimani-vip-transfer-31.jpg&quot;},{&quot;id&quot;:3693,&quot;url&quot;:&quot;https:\\\/\\\/istanbulairportransfer.com\\\/wp-content\\\/uploads\\\/2024\\\/09\\\/EBAXKt3WkAIzei2.jpeg&quot;}],&quot;background_slideshow_ken_burns&quot;:&quot;yes&quot;,&quot;background_slideshow_loop&quot;:&quot;yes&quot;,&quot;background_slideshow_slide_duration&quot;:5000,&quot;background_slideshow_slide_transition&quot;:&quot;fade&quot;,&quot;background_slideshow_transition_duration&quot;:500,&quot;background_slideshow_ken_burns_zoom_direction&quot;:&quot;in&quot;}\">\n\t\t\t\t\t\t\t<div class=\"elementor-background-overlay\"><\/div>\n\t\t\t\t\t\t\t<div class=\"elementor-container elementor-column-gap-default\">\n\t\t\t\t\t<div class=\"elementor-column elementor-col-100 elementor-top-column elementor-element elementor-element-2e546a5\" data-id=\"2e546a5\" data-element_type=\"column\">\n\t\t\t<div class=\"elementor-widget-wrap elementor-element-populated\">\n\t\t\t\t\t\t<div class=\"elementor-element elementor-element-adbe6dd premium-title-flex-start premium-title-color elementor-widget elementor-widget-premium-addon-title\" data-id=\"adbe6dd\" data-element_type=\"widget\" data-widget_type=\"premium-addon-title.default\">\n\t\t\t\t<div class=\"elementor-widget-container\">\n\t\t\t\n\t\t<div class=\"premium-title-container style3\">\n\t\t\t<h2 class=\"premium-title-header premium-title-style3\">\n\t\t\t\t\n\t\t\t\t\n\t\t\t\t\t\t\t\t\t\t\t\t<span class=\"premium-title-text\" >\n\t\t\t\t\tAbout Us\t\t\t\t<\/span>\n\t\t\t\t\t\n\t\t\t\t\t\t\t\t\t\t\t<\/h2>\n\t\t<\/div>\n\n\t\t\t\t<\/div>\n\t\t\t\t<\/div>\n\t\t\t\t\t<\/div>\n\t\t<\/div>\n\t\t\t\t\t<\/div>\n\t\t<\/section>\n\t\t\t\t<section class=\"elementor-section elementor-top-section elementor-element elementor-element-fc6716a elementor-section-boxed elementor-section-height-default elementor-section-height-default\" data-id=\"fc6716a\" data-element_type=\"section\">\n\t\t\t\t\t\t<div class=\"elementor-container elementor-column-gap-default\">\n\t\t\t\t\t<div class=\"elementor-column elementor-col-50 elementor-top-column elementor-element elementor-element-61e4aa4\" data-id=\"61e4aa4\" data-element_type=\"column\">\n\t\t\t<div class=\"elementor-widget-wrap elementor-element-populated\">\n\t\t\t\t\t\t<div class=\"elementor-element elementor-element-bed3aab imaj elementor-widget elementor-widget-image\" data-id=\"bed3aab\" data-element_type=\"widget\" data-no-translation=\"\" data-widget_type=\"image.default\">\n\t\t\t\t<div class=\"elementor-widget-container\">\n\t\t\t<style>.elementor-element-bed3aab{display:none !important}<\/style>\t\t<\/div>\n\t\t\t\t<\/div>\n\t\t\t\t<div class=\"elementor-element elementor-element-0f25fed imaj elementor-widget elementor-widget-image\" data-id=\"0f25fed\" data-element_type=\"widget\" data-no-translation=\"\" data-widget_type=\"image.default\">\n\t\t\t\t<div class=\"elementor-widget-container\">\n\t\t\t\t\t\t\t\t\t\t\t\t\t<img fetchpriority=\"high\" decoding=\"async\" width=\"241\" height=\"249\" src=\"https:\/\/istanbulairportransfer.com\/wp-content\/uploads\/2024\/12\/30year.png\" class=\"attachment-large size-large wp-image-4160\" alt=\"30year\" srcset=\"https:\/\/istanbulairportransfer.com\/wp-content\/uploads\/2024\/12\/30year.png 241w, https:\/\/istanbulairportransfer.com\/wp-content\/uploads\/2024\/12\/30year-12x12.png 12w\" sizes=\"(max-width: 241px) 100vw, 241px\" \/>\t\t\t\t\t\t\t\t\t\t\t\t\t<\/div>\n\t\t\t\t<\/div>\n\t\t\t\t\t<\/div>\n\t\t<\/div>\n\t\t\t\t<div class=\"elementor-column elementor-col-50 elementor-top-column elementor-element elementor-element-a0bc4c2\" data-id=\"a0bc4c2\" data-element_type=\"column\">\n\t\t\t<div class=\"elementor-widget-wrap elementor-element-populated\">\n\t\t\t\t\t\t<div class=\"elementor-element elementor-element-02da862 elementor-invisible elementor-widget elementor-widget-text-editor\" data-id=\"02da862\" data-element_type=\"widget\" data-settings=\"{&quot;_animation&quot;:&quot;fadeIn&quot;}\" data-widget_type=\"text-editor.default\">\n\t\t\t\t<div class=\"elementor-widget-container\">\n\t\t\t\t\t\t\t<p style=\"text-align: left;\">\u0130stanbul Airport Transfer, is an organization operating in personnel and tourism transportation since 1995. With its 30 years of experience, it offers professional transportation services to distinguished companies and hotels in Istanbul.<\/p><p style=\"text-align: left;\">Our company (AL\u00c7\u0130N TUR\u0130ZM) affiliated to T\u00dcRSAB with document number 10204 also serves as (A) Group Travel Agency.<\/p><p style=\"text-align: left;\"><b>VIP Transfer Services<br \/><\/b>Since the day it was founded, it has adapted today\u2019s technology to the sector with its expert staff, without sacrificing service quality, always keeping customer satisfaction at the forefront. Today, it has taken the place it deserves in the sector by serving the most distinguished companies of Turkey.<br \/>It fulfills its tourism transportation service under the most economical conditions without sacrificing quality.<br \/>Our company has all the authorization documents (D2) and route permits required in the transportation sector.<\/p>\t\t\t\t\t\t<\/div>\n\t\t\t\t<\/div>\n\t\t\t\t\t<\/div>\n\t\t<\/div>\n\t\t\t\t\t<\/div>\n\t\t<\/section>\n\t\t\t\t<section class=\"elementor-section elementor-top-section elementor-element elementor-element-30dd7a5 elementor-section-boxed elementor-section-height-default elementor-section-height-default\" data-id=\"30dd7a5\" data-element_type=\"section\">\n\t\t\t\t\t\t<div class=\"elementor-container elementor-column-gap-default\">\n\t\t\t\t\t<div class=\"elementor-column elementor-col-100 elementor-top-column elementor-element elementor-element-05b70c9\" data-id=\"05b70c9\" data-element_type=\"column\">\n\t\t\t<div class=\"elementor-widget-wrap elementor-element-populated\">\n\t\t\t\t\t\t<div class=\"elementor-element elementor-element-f5e98e6 elementor-widget elementor-widget-text-editor\" data-id=\"f5e98e6\" data-element_type=\"widget\" data-widget_type=\"text-editor.default\">\n\t\t\t\t<div class=\"elementor-widget-container\">\n\t\t\t\t\t\t\t<p><strong>We always prioritize customer satisfaction<\/strong><\/p><p>Our references, which are indicators of our work experience and reliability, ensure that we are proud today and that we will work with reputable organizations with higher quality in our future. Hoping to see you among our references we have created with this whole working system\u2026\u00a0<span style=\"color: var(--funden-body-color); font-family: var(--funden-font-sans-serif);\">yar\u0131nlar\u0131m\u0131z\u0131n daha y\u00fcksek kalite ile sayg\u0131n kurulu\u015flarla \u00e7al\u0131\u015faca\u011f\u0131m\u0131z\u0131n g\u00fcvencesini vermektedir.\u00a0<\/span><span style=\"color: var(--funden-body-color); font-family: var(--funden-font-sans-serif);\">Hoping to see you among our references we have created with this whole working system\u2026<\/span><\/p>\t\t\t\t\t\t<\/div>\n\t\t\t\t<\/div>\n\t\t\t\t\t<\/div>\n\t\t<\/div>\n\t\t\t\t\t<\/div>\n\t\t<\/section>\n\t\t\t\t<section class=\"elementor-section elementor-top-section elementor-element elementor-element-6a2988ff elementor-section-content-middle elementor-section-boxed elementor-section-height-default elementor-section-height-default\" data-id=\"6a2988ff\" data-element_type=\"section\" data-settings=\"{&quot;background_background&quot;:&quot;classic&quot;}\">\n\t\t\t\t\t\t\t<div class=\"elementor-background-overlay\"><\/div>\n\t\t\t\t\t\t\t<div class=\"elementor-container elementor-column-gap-wide\">\n\t\t\t\t\t<div class=\"elementor-column elementor-col-100 elementor-top-column elementor-element elementor-element-7276da3a\" data-id=\"7276da3a\" data-element_type=\"column\">\n\t\t\t<div class=\"elementor-widget-wrap elementor-element-populated\">\n\t\t\t\t\t\t<div class=\"elementor-element elementor-element-7486db43 elementor-invisible elementor-widget elementor-widget-heading\" data-id=\"7486db43\" data-element_type=\"widget\" data-settings=\"{&quot;_animation&quot;:&quot;fadeIn&quot;,&quot;_animation_delay&quot;:100}\" data-widget_type=\"heading.default\">\n\t\t\t\t<div class=\"elementor-widget-container\">\n\t\t\t<h2 class=\"elementor-heading-title elementor-size-default\">Certificates<\/h2>\t\t<\/div>\n\t\t\t\t<\/div>\n\t\t\t\t<section class=\"elementor-section elementor-inner-section elementor-element elementor-element-248b1d2f envato-kit-141-top-0 elementor-section-boxed elementor-section-height-default elementor-section-height-default\" data-id=\"248b1d2f\" data-element_type=\"section\">\n\t\t\t\t\t\t<div class=\"elementor-container elementor-column-gap-default\">\n\t\t\t\t\t<div class=\"elementor-column elementor-col-33 elementor-inner-column elementor-element elementor-element-62c68f1e elementor-invisible\" data-id=\"62c68f1e\" data-element_type=\"column\" data-settings=\"{&quot;background_background&quot;:&quot;classic&quot;,&quot;animation&quot;:&quot;fadeIn&quot;,&quot;animation_delay&quot;:100}\">\n\t\t\t<div class=\"elementor-widget-wrap elementor-element-populated\">\n\t\t\t\t\t\t<div class=\"elementor-element elementor-element-98b2ebd elementor-widget elementor-widget-image\" data-id=\"98b2ebd\" data-element_type=\"widget\" data-widget_type=\"image.default\">\n\t\t\t\t<div class=\"elementor-widget-container\">\n\t\t\t\t\t\t\t\t\t\t\t\t\t\t<a href=\"https:\/\/istanbulairportransfer.com\/wp-content\/uploads\/2024\/12\/D2-YETKI-BELGESI.jpg\" data-elementor-open-lightbox=\"yes\" data-elementor-lightbox-title=\"D2 YETK\u0130 BELGES\u0130\" data-e-action-hash=\"#elementor-action%3Aaction%3Dlightbox%26settings%3DeyJpZCI6NDEzOSwidXJsIjoiaHR0cHM6XC9cL2lzdGFuYnVsYWlycG9ydHJhbnNmZXIuY29tXC93cC1jb250ZW50XC91cGxvYWRzXC8yMDI0XC8xMlwvRDItWUVUS0ktQkVMR0VTSS5qcGcifQ%3D%3D\">\n\t\t\t\t\t\t\t<img decoding=\"async\" width=\"900\" height=\"666\" src=\"https:\/\/istanbulairportransfer.com\/wp-content\/uploads\/2024\/12\/D2-YETKI-BELGESI.jpg\" class=\"attachment-full size-full wp-image-4139\" alt=\"\" srcset=\"https:\/\/istanbulairportransfer.com\/wp-content\/uploads\/2024\/12\/D2-YETKI-BELGESI.jpg 900w, https:\/\/istanbulairportransfer.com\/wp-content\/uploads\/2024\/12\/D2-YETKI-BELGESI-768x568.jpg 768w, https:\/\/istanbulairportransfer.com\/wp-content\/uploads\/2024\/12\/D2-YETKI-BELGESI-16x12.jpg 16w\" sizes=\"(max-width: 900px) 100vw, 900px\" \/>\t\t\t\t\t\t\t\t<\/a>\n\t\t\t\t\t\t\t\t\t\t\t\t\t<\/div>\n\t\t\t\t<\/div>\n\t\t\t\t<div class=\"elementor-element elementor-element-ad9985c elementor-widget elementor-widget-heading\" data-id=\"ad9985c\" data-element_type=\"widget\" data-widget_type=\"heading.default\">\n\t\t\t\t<div class=\"elementor-widget-container\">\n\t\t\t<h2 class=\"elementor-heading-title elementor-size-default\">D2 Yetki Belgesi<\/h2>\t\t<\/div>\n\t\t\t\t<\/div>\n\t\t\t\t\t<\/div>\n\t\t<\/div>\n\t\t\t\t<div class=\"elementor-column elementor-col-33 elementor-inner-column elementor-element elementor-element-77a4ab97 elementor-invisible\" data-id=\"77a4ab97\" data-element_type=\"column\" data-settings=\"{&quot;background_background&quot;:&quot;classic&quot;,&quot;animation&quot;:&quot;fadeIn&quot;,&quot;animation_delay&quot;:200}\">\n\t\t\t<div class=\"elementor-widget-wrap elementor-element-populated\">\n\t\t\t\t\t\t<div class=\"elementor-element elementor-element-79d4a42b elementor-widget elementor-widget-image\" data-id=\"79d4a42b\" data-element_type=\"widget\" data-widget_type=\"image.default\">\n\t\t\t\t<div class=\"elementor-widget-container\">\n\t\t\t\t\t\t\t\t\t\t\t\t\t<img decoding=\"async\" width=\"290\" height=\"132\" src=\"https:\/\/istanbulairportransfer.com\/wp-content\/uploads\/2024\/10\/tursab-dds-102041.png\" class=\"attachment-full size-full wp-image-3930\" alt=\"T\u00dcRSAB Dijital Do\u011frulama\" \/>\t\t\t\t\t\t\t\t\t\t\t\t\t<\/div>\n\t\t\t\t<\/div>\n\t\t\t\t<div class=\"elementor-element elementor-element-9c3fa50 elementor-widget elementor-widget-heading\" data-id=\"9c3fa50\" data-element_type=\"widget\" data-widget_type=\"heading.default\">\n\t\t\t\t<div class=\"elementor-widget-container\">\n\t\t\t<h2 class=\"elementor-heading-title elementor-size-default\">ISO 9001:2000<\/h2>\t\t<\/div>\n\t\t\t\t<\/div>\n\t\t\t\t\t<\/div>\n\t\t<\/div>\n\t\t\t\t<div class=\"elementor-column elementor-col-33 elementor-inner-column elementor-element elementor-element-6b44bd70 elementor-invisible\" data-id=\"6b44bd70\" data-element_type=\"column\" data-settings=\"{&quot;background_background&quot;:&quot;classic&quot;,&quot;animation&quot;:&quot;fadeIn&quot;,&quot;animation_delay&quot;:300}\">\n\t\t\t<div class=\"elementor-widget-wrap elementor-element-populated\">\n\t\t\t\t\t\t<div class=\"elementor-element elementor-element-1753dc27 elementor-widget elementor-widget-image\" data-id=\"1753dc27\" data-element_type=\"widget\" data-widget_type=\"image.default\">\n\t\t\t\t<div class=\"elementor-widget-container\">\n\t\t\t\t\t\t\t\t\t\t\t\t\t\t<a href=\"https:\/\/istanbulairportransfer.com\/wp-content\/uploads\/2024\/12\/HIZMET-YETERLILIK-BELGESI-2024.jpg\" data-elementor-open-lightbox=\"yes\" data-elementor-lightbox-title=\"H\u0130ZMET YETERL\u0130L\u0130K BELGES\u0130 2024\" data-e-action-hash=\"#elementor-action%3Aaction%3Dlightbox%26settings%3DeyJpZCI6NDEzOCwidXJsIjoiaHR0cHM6XC9cL2lzdGFuYnVsYWlycG9ydHJhbnNmZXIuY29tXC93cC1jb250ZW50XC91cGxvYWRzXC8yMDI0XC8xMlwvSElaTUVULVlFVEVSTElMSUstQkVMR0VTSS0yMDI0LmpwZyJ9\">\n\t\t\t\t\t\t\t<img loading=\"lazy\" decoding=\"async\" width=\"900\" height=\"1273\" src=\"https:\/\/istanbulairportransfer.com\/wp-content\/uploads\/2024\/12\/HIZMET-YETERLILIK-BELGESI-2024.jpg\" class=\"attachment-full size-full wp-image-4138\" alt=\"\" srcset=\"https:\/\/istanbulairportransfer.com\/wp-content\/uploads\/2024\/12\/HIZMET-YETERLILIK-BELGESI-2024.jpg 900w, https:\/\/istanbulairportransfer.com\/wp-content\/uploads\/2024\/12\/HIZMET-YETERLILIK-BELGESI-2024-724x1024.jpg 724w, https:\/\/istanbulairportransfer.com\/wp-content\/uploads\/2024\/12\/HIZMET-YETERLILIK-BELGESI-2024-768x1086.jpg 768w, https:\/\/istanbulairportransfer.com\/wp-content\/uploads\/2024\/12\/HIZMET-YETERLILIK-BELGESI-2024-8x12.jpg 8w\" sizes=\"(max-width: 900px) 100vw, 900px\" \/>\t\t\t\t\t\t\t\t<\/a>\n\t\t\t\t\t\t\t\t\t\t\t\t\t<\/div>\n\t\t\t\t<\/div>\n\t\t\t\t<div class=\"elementor-element elementor-element-5b8145d5 elementor-widget elementor-widget-heading\" data-id=\"5b8145d5\" data-element_type=\"widget\" data-widget_type=\"heading.default\">\n\t\t\t\t<div class=\"elementor-widget-container\">\n\t\t\t<h2 class=\"elementor-heading-title elementor-size-default\">TSE Hizmet Yeterlilik Belgesi<\/h2>\t\t<\/div>\n\t\t\t\t<\/div>\n\t\t\t\t\t<\/div>\n\t\t<\/div>\n\t\t\t\t\t<\/div>\n\t\t<\/section>\n\t\t\t\t<section class=\"elementor-section elementor-inner-section elementor-element elementor-element-468c4f5 envato-kit-141-top-0 elementor-section-boxed elementor-section-height-default elementor-section-height-default\" data-id=\"468c4f5\" data-element_type=\"section\">\n\t\t\t\t\t\t<div class=\"elementor-container elementor-column-gap-default\">\n\t\t\t\t\t<div class=\"elementor-column elementor-col-33 elementor-inner-column elementor-element elementor-element-9c89ced elementor-invisible\" data-id=\"9c89ced\" data-element_type=\"column\" data-settings=\"{&quot;background_background&quot;:&quot;classic&quot;,&quot;animation&quot;:&quot;fadeIn&quot;,&quot;animation_delay&quot;:300}\">\n\t\t\t<div class=\"elementor-widget-wrap elementor-element-populated\">\n\t\t\t\t\t\t<div class=\"elementor-element elementor-element-6be63af elementor-widget elementor-widget-image\" data-id=\"6be63af\" data-element_type=\"widget\" data-widget_type=\"image.default\">\n\t\t\t\t<div class=\"elementor-widget-container\">\n\t\t\t\t\t\t\t\t\t\t\t\t\t\t<a href=\"https:\/\/istanbulairportransfer.com\/wp-content\/uploads\/2024\/10\/43.jpg\" data-elementor-open-lightbox=\"yes\" data-elementor-lightbox-title=\"T\u00dcRSAB A Grubu Seyahat Acentesi\" data-elementor-lightbox-description=\"T\u00dcRSAB A Grubu Seyahat Acentesi\" data-e-action-hash=\"#elementor-action%3Aaction%3Dlightbox%26settings%3DeyJpZCI6MzkyOCwidXJsIjoiaHR0cHM6XC9cL2lzdGFuYnVsYWlycG9ydHJhbnNmZXIuY29tXC93cC1jb250ZW50XC91cGxvYWRzXC8yMDI0XC8xMFwvNDMuanBnIn0%3D\">\n\t\t\t\t\t\t\t<img loading=\"lazy\" decoding=\"async\" width=\"500\" height=\"689\" src=\"https:\/\/istanbulairportransfer.com\/wp-content\/uploads\/2024\/10\/43.jpg\" class=\"attachment-full size-full wp-image-3928\" alt=\"T\u00dcRSAB A Grubu Seyahat Acentesi\" \/>\t\t\t\t\t\t\t\t<\/a>\n\t\t\t\t\t\t\t\t\t\t\t\t\t<\/div>\n\t\t\t\t<\/div>\n\t\t\t\t<div class=\"elementor-element elementor-element-c697aa6 elementor-widget elementor-widget-heading\" data-id=\"c697aa6\" data-element_type=\"widget\" data-widget_type=\"heading.default\">\n\t\t\t\t<div class=\"elementor-widget-container\">\n\t\t\t<h2 class=\"elementor-heading-title elementor-size-default\">T\u00dcRSAB A Grubu Seyahat Acentesi<\/h2>\t\t<\/div>\n\t\t\t\t<\/div>\n\t\t\t\t\t<\/div>\n\t\t<\/div>\n\t\t\t\t<div class=\"elementor-column elementor-col-33 elementor-inner-column elementor-element elementor-element-a730421 elementor-invisible\" data-id=\"a730421\" data-element_type=\"column\" data-settings=\"{&quot;background_background&quot;:&quot;classic&quot;,&quot;animation&quot;:&quot;fadeIn&quot;,&quot;animation_delay&quot;:300}\">\n\t\t\t<div class=\"elementor-widget-wrap elementor-element-populated\">\n\t\t\t\t\t\t<div class=\"elementor-element elementor-element-5d98d27 elementor-widget elementor-widget-image\" data-id=\"5d98d27\" data-element_type=\"widget\" data-widget_type=\"image.default\">\n\t\t\t\t<div class=\"elementor-widget-container\">\n\t\t\t\t\t\t\t\t\t\t\t\t\t\t<a href=\"https:\/\/istanbulairportransfer.com\/wp-content\/uploads\/2024\/10\/51.jpg\" data-elementor-open-lightbox=\"yes\" data-elementor-lightbox-title=\"Servis Ta\u015f\u0131mac\u0131l\u0131\u011f\u0131 Yetki Belgesi\" data-e-action-hash=\"#elementor-action%3Aaction%3Dlightbox%26settings%3DeyJpZCI6MzkyOSwidXJsIjoiaHR0cHM6XC9cL2lzdGFuYnVsYWlycG9ydHJhbnNmZXIuY29tXC93cC1jb250ZW50XC91cGxvYWRzXC8yMDI0XC8xMFwvNTEuanBnIn0%3D\">\n\t\t\t\t\t\t\t<img loading=\"lazy\" decoding=\"async\" width=\"500\" height=\"707\" src=\"https:\/\/istanbulairportransfer.com\/wp-content\/uploads\/2024\/10\/51.jpg\" class=\"attachment-full size-full wp-image-3929\" alt=\"Servis Ta\u015f\u0131mac\u0131l\u0131\u011f\u0131 Yetki Belgesi\" \/>\t\t\t\t\t\t\t\t<\/a>\n\t\t\t\t\t\t\t\t\t\t\t\t\t<\/div>\n\t\t\t\t<\/div>\n\t\t\t\t<div class=\"elementor-element elementor-element-ce35726 elementor-widget elementor-widget-heading\" data-id=\"ce35726\" data-element_type=\"widget\" data-widget_type=\"heading.default\">\n\t\t\t\t<div class=\"elementor-widget-container\">\n\t\t\t<h2 class=\"elementor-heading-title elementor-size-default\">T\u00dcRSAB A Grubu Seyahat Acentesi<\/h2>\t\t<\/div>\n\t\t\t\t<\/div>\n\t\t\t\t\t<\/div>\n\t\t<\/div>\n\t\t\t\t<div class=\"elementor-column elementor-col-33 elementor-inner-column elementor-element elementor-element-114c6f0 elementor-invisible\" data-id=\"114c6f0\" data-element_type=\"column\" data-settings=\"{&quot;background_background&quot;:&quot;classic&quot;,&quot;animation&quot;:&quot;fadeIn&quot;,&quot;animation_delay&quot;:300}\">\n\t\t\t<div class=\"elementor-widget-wrap elementor-element-populated\">\n\t\t\t\t\t\t<div class=\"elementor-element elementor-element-67939c3 elementor-widget elementor-widget-image\" data-id=\"67939c3\" data-element_type=\"widget\" data-widget_type=\"image.default\">\n\t\t\t\t<div class=\"elementor-widget-container\">\n\t\t\t\t\t\t\t\t\t\t\t\t\t\t<a href=\"https:\/\/istanbulairportransfer.com\/wp-content\/uploads\/2024\/10\/21.jpg\" data-elementor-open-lightbox=\"yes\" data-elementor-lightbox-title=\"ISO 9001:2000\" data-e-action-hash=\"#elementor-action%3Aaction%3Dlightbox%26settings%3DeyJpZCI6MzkyNSwidXJsIjoiaHR0cHM6XC9cL2lzdGFuYnVsYWlycG9ydHJhbnNmZXIuY29tXC93cC1jb250ZW50XC91cGxvYWRzXC8yMDI0XC8xMFwvMjEuanBnIn0%3D\">\n\t\t\t\t\t\t\t<img loading=\"lazy\" decoding=\"async\" width=\"500\" height=\"687\" src=\"https:\/\/istanbulairportransfer.com\/wp-content\/uploads\/2024\/10\/21.jpg\" class=\"attachment-full size-full wp-image-3925\" alt=\"ISO 9001:2000\" \/>\t\t\t\t\t\t\t\t<\/a>\n\t\t\t\t\t\t\t\t\t\t\t\t\t<\/div>\n\t\t\t\t<\/div>\n\t\t\t\t<div class=\"elementor-element elementor-element-419ca6ac elementor-widget elementor-widget-heading\" data-id=\"419ca6ac\" data-element_type=\"widget\" data-widget_type=\"heading.default\">\n\t\t\t\t<div class=\"elementor-widget-container\">\n\t\t\t<h2 class=\"elementor-heading-title elementor-size-default\">ISO 9001:2000<\/h2>\t\t<\/div>\n\t\t\t\t<\/div>\n\t\t\t\t\t<\/div>\n\t\t<\/div>\n\t\t\t\t\t<\/div>\n\t\t<\/section>\n\t\t\t\t\t<\/div>\n\t\t<\/div>\n\t\t\t\t\t<\/div>\n\t\t<\/section>\n\t\t\t\t<\/div>","protected":false},"excerpt":{"rendered":"<p>Hakk\u0131m\u0131zda \u0130stanbul Airport Transfer, 1995 y\u0131l\u0131ndan bu zamana kadar personel ve turizm ta\u015f\u0131mac\u0131l\u0131\u011f\u0131 konular\u0131nda faaliyet g\u00f6steren bir kurulu\u015ftur. 30 y\u0131l\u0131n getirdi\u011fi tecr\u00fcbe ile \u0130stanbul\u2019un se\u00e7kin firma ve otellerine profesyonel ta\u015f\u0131mac\u0131l\u0131k hizmeti sunmaktad\u0131r. 10204 belge no ile T\u00dcRSAB\u2019a ba\u011fl\u0131 firmam\u0131z (AL\u00c7\u0130N TUR\u0130ZM) (A) Grubu Seyahat Acentesi olarak da hizmet vermektedir. V\u0130P Transfer HizmetleriKuruldu\u011fu g\u00fcnden itibaren hizmet [&hellip;]<\/p>","protected":false},"author":1,"featured_media":0,"parent":0,"menu_order":0,"comment_status":"closed","ping_status":"closed","template":"","meta":{"footnotes":""},"class_list":["post-21","page","type-page","status-publish","hentry"],"_links":{"self":[{"href":"https:\/\/istanbulairportransfer.com\/en\/wp-json\/wp\/v2\/pages\/21","targetHints":{"allow":["GET"]}}],"collection":[{"href":"https:\/\/istanbulairportransfer.com\/en\/wp-json\/wp\/v2\/pages"}],"about":[{"href":"https:\/\/istanbulairportransfer.com\/en\/wp-json\/wp\/v2\/types\/page"}],"author":[{"embeddable":true,"href":"https:\/\/istanbulairportransfer.com\/en\/wp-json\/wp\/v2\/users\/1"}],"replies":[{"embeddable":true,"href":"https:\/\/istanbulairportransfer.com\/en\/wp-json\/wp\/v2\/comments?post=21"}],"version-history":[{"count":0,"href":"https:\/\/istanbulairportransfer.com\/en\/wp-json\/wp\/v2\/pages\/21\/revisions"}],"wp:attachment":[{"href":"https:\/\/istanbulairportransfer.com\/en\/wp-json\/wp\/v2\/media?parent=21"}],"curies":[{"name":"wp","href":"https:\/\/api.w.org\/{rel}","templated":true}]}}