{"id":3671,"date":"2024-09-25T14:19:12","date_gmt":"2024-09-25T11:19:12","guid":{"rendered":"https:\/\/istanbulairportransfer.com\/?page_id=3671"},"modified":"2024-12-17T13:23:09","modified_gmt":"2024-12-17T10:23:09","slug":"hizmetlerimiz","status":"publish","type":"page","link":"https:\/\/istanbulairportransfer.com\/en\/hizmetlerimiz\/","title":{"rendered":"Our Services"},"content":{"rendered":"<div data-elementor-type=\"wp-page\" data-elementor-id=\"3671\" class=\"elementor elementor-3671\">\n\t\t\t\t\t\t<section class=\"elementor-section elementor-top-section elementor-element elementor-element-ff26cbc elementor-section-boxed elementor-section-height-default elementor-section-height-default\" data-id=\"ff26cbc\" data-element_type=\"section\" data-settings=\"{&quot;background_background&quot;:&quot;slideshow&quot;,&quot;background_slideshow_gallery&quot;:[{&quot;id&quot;:3705,&quot;url&quot;:&quot;https:\\\/\\\/istanbulairportransfer.com\\\/wp-content\\\/uploads\\\/2024\\\/09\\\/istanbul-vip-transfer-2.jpg&quot;},{&quot;id&quot;:3700,&quot;url&quot;:&quot;https:\\\/\\\/istanbulairportransfer.com\\\/wp-content\\\/uploads\\\/2024\\\/09\\\/byviptravel-istanbul-havalimani-vip-transfer-31.jpg&quot;},{&quot;id&quot;:3693,&quot;url&quot;:&quot;https:\\\/\\\/istanbulairportransfer.com\\\/wp-content\\\/uploads\\\/2024\\\/09\\\/EBAXKt3WkAIzei2.jpeg&quot;}],&quot;background_slideshow_ken_burns&quot;:&quot;yes&quot;,&quot;background_slideshow_loop&quot;:&quot;yes&quot;,&quot;background_slideshow_slide_duration&quot;:5000,&quot;background_slideshow_slide_transition&quot;:&quot;fade&quot;,&quot;background_slideshow_transition_duration&quot;:500,&quot;background_slideshow_ken_burns_zoom_direction&quot;:&quot;in&quot;}\">\n\t\t\t\t\t\t\t<div class=\"elementor-background-overlay\"><\/div>\n\t\t\t\t\t\t\t<div class=\"elementor-container elementor-column-gap-default\">\n\t\t\t\t\t<div class=\"elementor-column elementor-col-100 elementor-top-column elementor-element elementor-element-a1ad58d\" data-id=\"a1ad58d\" data-element_type=\"column\">\n\t\t\t<div class=\"elementor-widget-wrap elementor-element-populated\">\n\t\t\t\t\t\t<div class=\"elementor-element elementor-element-1ea6c28 premium-title-flex-start premium-title-color elementor-widget elementor-widget-premium-addon-title\" data-id=\"1ea6c28\" data-element_type=\"widget\" data-widget_type=\"premium-addon-title.default\">\n\t\t\t\t<div class=\"elementor-widget-container\">\n\t\t\t\n\t\t<div class=\"premium-title-container style3\">\n\t\t\t<h2 class=\"premium-title-header premium-title-style3\">\n\t\t\t\t\n\t\t\t\t\n\t\t\t\t\t\t\t\t\t\t\t\t<span class=\"premium-title-text\" >\n\t\t\t\t\tV.I.P Transportation\t\t\t\t<\/span>\n\t\t\t\t\t\n\t\t\t\t\t\t\t\t\t\t\t<\/h2>\n\t\t<\/div>\n\n\t\t\t\t<\/div>\n\t\t\t\t<\/div>\n\t\t\t\t\t<\/div>\n\t\t<\/div>\n\t\t\t\t\t<\/div>\n\t\t<\/section>\n\t\t\t\t<section class=\"elementor-section elementor-top-section elementor-element elementor-element-ea71afd elementor-section-boxed elementor-section-height-default elementor-section-height-default\" data-id=\"ea71afd\" data-element_type=\"section\">\n\t\t\t\t\t\t<div class=\"elementor-container elementor-column-gap-default\">\n\t\t\t\t\t<div class=\"elementor-column elementor-col-50 elementor-top-column elementor-element elementor-element-fa20f15\" data-id=\"fa20f15\" data-element_type=\"column\">\n\t\t\t<div class=\"elementor-widget-wrap elementor-element-populated\">\n\t\t\t\t\t\t<div class=\"elementor-element elementor-element-0f37a63 imaj elementor-widget elementor-widget-image\" data-id=\"0f37a63\" data-element_type=\"widget\" data-widget_type=\"image.default\">\n\t\t\t\t<div class=\"elementor-widget-container\">\n\t\t\t\t\t\t\t\t\t\t\t\t\t<img fetchpriority=\"high\" decoding=\"async\" width=\"671\" height=\"476\" src=\"https:\/\/istanbulairportransfer.com\/wp-content\/uploads\/2024\/10\/tasimacilik1.jpg\" class=\"attachment-large size-large wp-image-3996\" alt=\"\" \/>\t\t\t\t\t\t\t\t\t\t\t\t\t<\/div>\n\t\t\t\t<\/div>\n\t\t\t\t\t<\/div>\n\t\t<\/div>\n\t\t\t\t<div class=\"elementor-column elementor-col-50 elementor-top-column elementor-element elementor-element-c721c06\" data-id=\"c721c06\" data-element_type=\"column\">\n\t\t\t<div class=\"elementor-widget-wrap elementor-element-populated\">\n\t\t\t\t\t\t<div class=\"elementor-element elementor-element-61a4ff5 elementor-invisible elementor-widget elementor-widget-text-editor\" data-id=\"61a4ff5\" data-element_type=\"widget\" data-settings=\"{&quot;_animation&quot;:&quot;fadeIn&quot;}\" data-widget_type=\"text-editor.default\">\n\t\t\t\t<div class=\"elementor-widget-container\">\n\t\t\t\t\t\t\t<p style=\"text-align: left;\">\u0130stanbul Airport Transfer, is an organization operating in tourism and tourism transportation since 1995. With 30 years of experience, we offer professional transportation services to distinguished companies and hotels in Istanbul.<\/p><p style=\"text-align: left;\">Our company (AL\u00c7\u0130N TOURISM) affiliated to T\u00dcRSAB with document number 10204 also serves as (A) Group Travel Agency.<br \/>Since the day it was founded, it has adapted today\u2019s technology to the sector with its expert staff, without sacrificing service quality, always keeping customer satisfaction at the forefront. Today, it has taken the place it deserves in the sector by serving the most distinguished companies of Turkey.<\/p><p style=\"text-align: left;\">It fulfills its tourism transportation service under the most economical conditions without sacrificing quality.<br \/>Our company has all the authorization documents (D2) and route permits required in the transportation sector.<\/p>\t\t\t\t\t\t<\/div>\n\t\t\t\t<\/div>\n\t\t\t\t\t<\/div>\n\t\t<\/div>\n\t\t\t\t\t<\/div>\n\t\t<\/section>\n\t\t\t\t<section class=\"elementor-section elementor-top-section elementor-element elementor-element-c53e439 elementor-section-boxed elementor-section-height-default elementor-section-height-default\" data-id=\"c53e439\" data-element_type=\"section\">\n\t\t\t\t\t\t<div class=\"elementor-container elementor-column-gap-default\">\n\t\t\t\t\t<div class=\"elementor-column elementor-col-100 elementor-top-column elementor-element elementor-element-2dae4fe\" data-id=\"2dae4fe\" data-element_type=\"column\">\n\t\t\t<div class=\"elementor-widget-wrap elementor-element-populated\">\n\t\t\t\t\t\t<div class=\"elementor-element elementor-element-b2d5900 elementor-widget elementor-widget-text-editor\" data-id=\"b2d5900\" data-element_type=\"widget\" data-widget_type=\"text-editor.default\">\n\t\t\t\t<div class=\"elementor-widget-container\">\n\t\t\t\t\t\t\t<p><b>\u0130stanbul Airport Transfer olarak\u2026<br \/><\/b>30 y\u0131ll\u0131k bu deneyimimizi, (0-3) ya\u015f son model MERCEDES VITO VIP ara\u00e7larla, turizm ta\u015f\u0131mac\u0131l\u0131\u011f\u0131 konusunda seminer\/e\u011fitim alm\u0131\u015f, psikoteknik ve auto-drom (temel s\u00fcr\u00fc\u015f teknikleri) belgelerine sahip ara\u00e7 s\u00fcr\u00fcc\u00fclerimizle, kusurlu trafik kazas\u0131 kay\u0131tlar\u0131 olmayan, tek tip \u00f6zel k\u0131yafetli, kravatl\u0131 ve g\u00fcnl\u00fck tra\u015fl\u0131 olarak hizmet vermekteyiz. T\u00fcm teknolojik imkanlardan yararlanarak bunlar\u0131 t\u00fcm misafirlerimize aktarmaktay\u0131z.<br \/>All of our colleagues speak English.\nWe always prioritize customer satisfaction. Our goal is \u2018ALWAYS THE BEST OF SERVICE\u2019. We consider making our guests smile as the biggest part of our job.<\/p><p>We keep our GSM phones open 24 hours a day so that the companies or hotels we serve can reach us outside of working hours.<br \/>We have a free pick-up service at the airports for our guests in order to meet with the vehicle 24 hours a day without any problems.<br \/>Our company provides services in accordance with TSE Standards and works according to ISO 9001 \u2013 2000 Quality Assurance and Management Standards.<br \/>Global Positioning System (GPS) in all of our vehicles) exists. Company officials can see where the vehicle is and its route \u2013 km control over the internet. In addition, with this system, the speed of the transfer vehicles while cruising, the time of entry and exit from the hotel, the pause time, sudden movement and maneuver tracking, the location of the vehicle, and the traffic density are optionally followed by us in electronic environment.<\/p><p>All service vehicles of our company have traffic, motor insurance, voluntary liability insurance and Personal Accident Insurance.<br \/>Due to the density of traffic in Istanbul, we are working on alternative routes as a company in order to ensure that our guests spend the least time in traffic.<\/p>\t\t\t\t\t\t<\/div>\n\t\t\t\t<\/div>\n\t\t\t\t\t<\/div>\n\t\t<\/div>\n\t\t\t\t\t<\/div>\n\t\t<\/section>\n\t\t\t\t<section class=\"elementor-section elementor-top-section elementor-element elementor-element-04bb92f elementor-section-boxed elementor-section-height-default elementor-section-height-default\" data-id=\"04bb92f\" data-element_type=\"section\">\n\t\t\t\t\t\t<div class=\"elementor-container elementor-column-gap-default\">\n\t\t\t\t\t<div class=\"elementor-column elementor-col-100 elementor-top-column elementor-element elementor-element-ee3325d\" data-id=\"ee3325d\" data-element_type=\"column\">\n\t\t\t<div class=\"elementor-widget-wrap elementor-element-populated\">\n\t\t\t\t\t\t<div class=\"elementor-element elementor-element-2c9397c elementor-widget elementor-widget-heading\" data-id=\"2c9397c\" data-element_type=\"widget\" data-widget_type=\"heading.default\">\n\t\t\t\t<div class=\"elementor-widget-container\">\n\t\t\t<h2 class=\"elementor-heading-title elementor-size-default\">Our Vehicles<\/h2>\t\t<\/div>\n\t\t\t\t<\/div>\n\t\t\t\t<div class=\"elementor-element elementor-element-f9b838d elementor-widget elementor-widget-image-gallery\" data-id=\"f9b838d\" data-element_type=\"widget\" data-widget_type=\"image-gallery.default\">\n\t\t\t\t<div class=\"elementor-widget-container\">\n\t\t\t\t\t<div class=\"elementor-image-gallery\">\n\t\t\t\n\t\t<style type=\"text\/css\">\n\t\t\t#gallery-1 {\n\t\t\t\tmargin: auto;\n\t\t\t}\n\t\t\t#gallery-1 .gallery-item {\n\t\t\t\tfloat: left;\n\t\t\t\tmargin-top: 10px;\n\t\t\t\ttext-align: center;\n\t\t\t\twidth: 20%;\n\t\t\t}\n\t\t\t#gallery-1 img {\n\t\t\t\tborder: 2px solid #cfcfcf;\n\t\t\t}\n\t\t\t#gallery-1 .gallery-caption {\n\t\t\t\tmargin-left: 0;\n\t\t\t}\n\t\t\t\/* see gallery_shortcode() in wp-includes\/media.php *\/\n\t\t<\/style>\n\t\t<div id='gallery-1' class='gallery galleryid-3671 gallery-columns-5 gallery-size-thumbnail'><dl class='gallery-item'>\n\t\t\t<dt class='gallery-icon portrait'>\n\t\t\t\t<a data-elementor-open-lightbox=\"yes\" data-elementor-lightbox-slideshow=\"f9b838d\" data-elementor-lightbox-title=\"istanbulairportransfer (8)\" data-e-action-hash=\"#elementor-action%3Aaction%3Dlightbox%26settings%3DeyJpZCI6Mzg4NSwidXJsIjoiaHR0cHM6XC9cL2lzdGFuYnVsYWlycG9ydHJhbnNmZXIuY29tXC93cC1jb250ZW50XC91cGxvYWRzXC8yMDI0XC8wOVwvaXN0YW5idWxhaXJwb3J0cmFuc2Zlci04LmpwZyIsInNsaWRlc2hvdyI6ImY5YjgzOGQifQ%3D%3D\" href='https:\/\/istanbulairportransfer.com\/wp-content\/uploads\/2024\/09\/istanbulairportransfer-8.jpg'><img decoding=\"async\" width=\"175\" height=\"175\" src=\"https:\/\/istanbulairportransfer.com\/wp-content\/uploads\/2024\/09\/istanbulairportransfer-8-175x175.jpg\" class=\"attachment-thumbnail size-thumbnail\" alt=\"\" srcset=\"https:\/\/istanbulairportransfer.com\/wp-content\/uploads\/2024\/09\/istanbulairportransfer-8-175x175.jpg 175w, https:\/\/istanbulairportransfer.com\/wp-content\/uploads\/2024\/09\/istanbulairportransfer-8-1024x1024.jpg 1024w, https:\/\/istanbulairportransfer.com\/wp-content\/uploads\/2024\/09\/istanbulairportransfer-8-768x769.jpg 768w, https:\/\/istanbulairportransfer.com\/wp-content\/uploads\/2024\/09\/istanbulairportransfer-8.jpg 1200w\" sizes=\"(max-width: 175px) 100vw, 175px\" \/><\/a>\n\t\t\t<\/dt><\/dl><dl class='gallery-item'>\n\t\t\t<dt class='gallery-icon portrait'>\n\t\t\t\t<a data-elementor-open-lightbox=\"yes\" data-elementor-lightbox-slideshow=\"f9b838d\" data-elementor-lightbox-title=\"istanbulairportransfer (9)\" data-e-action-hash=\"#elementor-action%3Aaction%3Dlightbox%26settings%3DeyJpZCI6Mzg3MywidXJsIjoiaHR0cHM6XC9cL2lzdGFuYnVsYWlycG9ydHJhbnNmZXIuY29tXC93cC1jb250ZW50XC91cGxvYWRzXC8yMDI0XC8wOVwvaXN0YW5idWxhaXJwb3J0cmFuc2Zlci05LmpwZyIsInNsaWRlc2hvdyI6ImY5YjgzOGQifQ%3D%3D\" href='https:\/\/istanbulairportransfer.com\/wp-content\/uploads\/2024\/09\/istanbulairportransfer-9.jpg'><img decoding=\"async\" width=\"175\" height=\"175\" src=\"https:\/\/istanbulairportransfer.com\/wp-content\/uploads\/2024\/09\/istanbulairportransfer-9-175x175.jpg\" class=\"attachment-thumbnail size-thumbnail\" alt=\"\" \/><\/a>\n\t\t\t<\/dt><\/dl><dl class='gallery-item'>\n\t\t\t<dt class='gallery-icon portrait'>\n\t\t\t\t<a data-elementor-open-lightbox=\"yes\" data-elementor-lightbox-slideshow=\"f9b838d\" data-elementor-lightbox-title=\"istanbulairportransfer (7)\" data-e-action-hash=\"#elementor-action%3Aaction%3Dlightbox%26settings%3DeyJpZCI6Mzg4NCwidXJsIjoiaHR0cHM6XC9cL2lzdGFuYnVsYWlycG9ydHJhbnNmZXIuY29tXC93cC1jb250ZW50XC91cGxvYWRzXC8yMDI0XC8wOVwvaXN0YW5idWxhaXJwb3J0cmFuc2Zlci03LmpwZyIsInNsaWRlc2hvdyI6ImY5YjgzOGQifQ%3D%3D\" href='https:\/\/istanbulairportransfer.com\/wp-content\/uploads\/2024\/09\/istanbulairportransfer-7.jpg'><img loading=\"lazy\" decoding=\"async\" width=\"175\" height=\"175\" src=\"https:\/\/istanbulairportransfer.com\/wp-content\/uploads\/2024\/09\/istanbulairportransfer-7-175x175.jpg\" class=\"attachment-thumbnail size-thumbnail\" alt=\"\" \/><\/a>\n\t\t\t<\/dt><\/dl><dl class='gallery-item'>\n\t\t\t<dt class='gallery-icon portrait'>\n\t\t\t\t<a data-elementor-open-lightbox=\"yes\" data-elementor-lightbox-slideshow=\"f9b838d\" data-elementor-lightbox-title=\"istanbulairportransfer (3)\" data-e-action-hash=\"#elementor-action%3Aaction%3Dlightbox%26settings%3DeyJpZCI6Mzg4MCwidXJsIjoiaHR0cHM6XC9cL2lzdGFuYnVsYWlycG9ydHJhbnNmZXIuY29tXC93cC1jb250ZW50XC91cGxvYWRzXC8yMDI0XC8wOVwvaXN0YW5idWxhaXJwb3J0cmFuc2Zlci0zLmpwZyIsInNsaWRlc2hvdyI6ImY5YjgzOGQifQ%3D%3D\" href='https:\/\/istanbulairportransfer.com\/wp-content\/uploads\/2024\/09\/istanbulairportransfer-3.jpg'><img loading=\"lazy\" decoding=\"async\" width=\"175\" height=\"175\" src=\"https:\/\/istanbulairportransfer.com\/wp-content\/uploads\/2024\/09\/istanbulairportransfer-3-175x175.jpg\" class=\"attachment-thumbnail size-thumbnail\" alt=\"\" \/><\/a>\n\t\t\t<\/dt><\/dl><dl class='gallery-item'>\n\t\t\t<dt class='gallery-icon portrait'>\n\t\t\t\t<a data-elementor-open-lightbox=\"yes\" data-elementor-lightbox-slideshow=\"f9b838d\" data-elementor-lightbox-title=\"istanbulairportransfer (11)\" data-e-action-hash=\"#elementor-action%3Aaction%3Dlightbox%26settings%3DeyJpZCI6Mzg3NSwidXJsIjoiaHR0cHM6XC9cL2lzdGFuYnVsYWlycG9ydHJhbnNmZXIuY29tXC93cC1jb250ZW50XC91cGxvYWRzXC8yMDI0XC8wOVwvaXN0YW5idWxhaXJwb3J0cmFuc2Zlci0xMS5qcGciLCJzbGlkZXNob3ciOiJmOWI4MzhkIn0%3D\" href='https:\/\/istanbulairportransfer.com\/wp-content\/uploads\/2024\/09\/istanbulairportransfer-11.jpg'><img loading=\"lazy\" decoding=\"async\" width=\"175\" height=\"175\" src=\"https:\/\/istanbulairportransfer.com\/wp-content\/uploads\/2024\/09\/istanbulairportransfer-11-175x175.jpg\" class=\"attachment-thumbnail size-thumbnail\" alt=\"\" \/><\/a>\n\t\t\t<\/dt><\/dl><br style=\"clear: both\" \/><dl class='gallery-item'>\n\t\t\t<dt class='gallery-icon portrait'>\n\t\t\t\t<a data-elementor-open-lightbox=\"yes\" data-elementor-lightbox-slideshow=\"f9b838d\" data-elementor-lightbox-title=\"istanbulairportransfer (1)\" data-e-action-hash=\"#elementor-action%3Aaction%3Dlightbox%26settings%3DeyJpZCI6Mzg3OCwidXJsIjoiaHR0cHM6XC9cL2lzdGFuYnVsYWlycG9ydHJhbnNmZXIuY29tXC93cC1jb250ZW50XC91cGxvYWRzXC8yMDI0XC8wOVwvaXN0YW5idWxhaXJwb3J0cmFuc2Zlci0xLmpwZyIsInNsaWRlc2hvdyI6ImY5YjgzOGQifQ%3D%3D\" href='https:\/\/istanbulairportransfer.com\/wp-content\/uploads\/2024\/09\/istanbulairportransfer-1.jpg'><img loading=\"lazy\" decoding=\"async\" width=\"175\" height=\"175\" src=\"https:\/\/istanbulairportransfer.com\/wp-content\/uploads\/2024\/09\/istanbulairportransfer-1-175x175.jpg\" class=\"attachment-thumbnail size-thumbnail\" alt=\"\" \/><\/a>\n\t\t\t<\/dt><\/dl><dl class='gallery-item'>\n\t\t\t<dt class='gallery-icon landscape'>\n\t\t\t\t<a data-elementor-open-lightbox=\"yes\" data-elementor-lightbox-slideshow=\"f9b838d\" data-elementor-lightbox-title=\"istanbulairportransfer (12)\" data-e-action-hash=\"#elementor-action%3Aaction%3Dlightbox%26settings%3DeyJpZCI6Mzg3NiwidXJsIjoiaHR0cHM6XC9cL2lzdGFuYnVsYWlycG9ydHJhbnNmZXIuY29tXC93cC1jb250ZW50XC91cGxvYWRzXC8yMDI0XC8wOVwvaXN0YW5idWxhaXJwb3J0cmFuc2Zlci0xMi5qcGciLCJzbGlkZXNob3ciOiJmOWI4MzhkIn0%3D\" href='https:\/\/istanbulairportransfer.com\/wp-content\/uploads\/2024\/09\/istanbulairportransfer-12.jpg'><img loading=\"lazy\" decoding=\"async\" width=\"175\" height=\"175\" src=\"https:\/\/istanbulairportransfer.com\/wp-content\/uploads\/2024\/09\/istanbulairportransfer-12-175x175.jpg\" class=\"attachment-thumbnail size-thumbnail\" alt=\"\" \/><\/a>\n\t\t\t<\/dt><\/dl>\n\t\t\t<br style='clear: both' \/>\n\t\t<\/div>\n\t\t<\/div>\n\t\t\t\t<\/div>\n\t\t\t\t<\/div>\n\t\t\t\t\t<\/div>\n\t\t<\/div>\n\t\t\t\t\t<\/div>\n\t\t<\/section>\n\t\t\t\t<section class=\"elementor-section elementor-top-section elementor-element elementor-element-8b021de elementor-section-boxed elementor-section-height-default elementor-section-height-default\" data-id=\"8b021de\" data-element_type=\"section\">\n\t\t\t\t\t\t<div class=\"elementor-container elementor-column-gap-default\">\n\t\t\t\t\t<div class=\"elementor-column elementor-col-50 elementor-top-column elementor-element elementor-element-3204d772\" data-id=\"3204d772\" data-element_type=\"column\" data-settings=\"{&quot;background_background&quot;:&quot;classic&quot;}\">\n\t\t\t<div class=\"elementor-widget-wrap elementor-element-populated\">\n\t\t\t\t\t<div class=\"elementor-background-overlay\"><\/div>\n\t\t\t\t\t\t<div class=\"elementor-element elementor-element-6ceaaa23 elementor-widget elementor-widget-heading\" data-id=\"6ceaaa23\" data-element_type=\"widget\" data-widget_type=\"heading.default\">\n\t\t\t\t<div class=\"elementor-widget-container\">\n\t\t\t<h5 class=\"elementor-heading-title elementor-size-default\">Our difference<\/h5>\t\t<\/div>\n\t\t\t\t<\/div>\n\t\t\t\t<div class=\"elementor-element elementor-element-7c150ce5 elementor-tablet-align-center elementor-icon-list--layout-traditional elementor-list-item-link-full_width elementor-widget elementor-widget-icon-list\" data-id=\"7c150ce5\" data-element_type=\"widget\" data-widget_type=\"icon-list.default\">\n\t\t\t\t<div class=\"elementor-widget-container\">\n\t\t\t\t\t<ul class=\"elementor-icon-list-items\">\n\t\t\t\t\t\t\t<li class=\"elementor-icon-list-item\">\n\t\t\t\t\t\t\t\t\t\t\t<span class=\"elementor-icon-list-icon\">\n\t\t\t\t\t\t\t<i aria-hidden=\"true\" class=\"far fa-dot-circle\"><\/i>\t\t\t\t\t\t<\/span>\n\t\t\t\t\t\t\t\t\t\t<span class=\"elementor-icon-list-text\">Understanding that prioritizes customer satisfaction,<\/span>\n\t\t\t\t\t\t\t\t\t<\/li>\n\t\t\t\t\t\t\t\t<li class=\"elementor-icon-list-item\">\n\t\t\t\t\t\t\t\t\t\t\t<span class=\"elementor-icon-list-icon\">\n\t\t\t\t\t\t\t<i aria-hidden=\"true\" class=\"far fa-dot-circle\"><\/i>\t\t\t\t\t\t<\/span>\n\t\t\t\t\t\t\t\t\t\t<span class=\"elementor-icon-list-text\">Zero (0) error,<\/span>\n\t\t\t\t\t\t\t\t\t<\/li>\n\t\t\t\t\t\t\t\t<li class=\"elementor-icon-list-item\">\n\t\t\t\t\t\t\t\t\t\t\t<span class=\"elementor-icon-list-icon\">\n\t\t\t\t\t\t\t<i aria-hidden=\"true\" class=\"far fa-dot-circle\"><\/i>\t\t\t\t\t\t<\/span>\n\t\t\t\t\t\t\t\t\t\t<span class=\"elementor-icon-list-text\">Full service understanding,<\/span>\n\t\t\t\t\t\t\t\t\t<\/li>\n\t\t\t\t\t\t\t\t<li class=\"elementor-icon-list-item\">\n\t\t\t\t\t\t\t\t\t\t\t<span class=\"elementor-icon-list-icon\">\n\t\t\t\t\t\t\t<i aria-hidden=\"true\" class=\"far fa-dot-circle\"><\/i>\t\t\t\t\t\t<\/span>\n\t\t\t\t\t\t\t\t\t\t<span class=\"elementor-icon-list-text\">Continuously developing knowledge and experience,<\/span>\n\t\t\t\t\t\t\t\t\t<\/li>\n\t\t\t\t\t\t\t\t<li class=\"elementor-icon-list-item\">\n\t\t\t\t\t\t\t\t\t\t\t<span class=\"elementor-icon-list-icon\">\n\t\t\t\t\t\t\t<i aria-hidden=\"true\" class=\"far fa-dot-circle\"><\/i>\t\t\t\t\t\t<\/span>\n\t\t\t\t\t\t\t\t\t\t<span class=\"elementor-icon-list-text\">New and fast solutions,<\/span>\n\t\t\t\t\t\t\t\t\t<\/li>\n\t\t\t\t\t\t\t\t<li class=\"elementor-icon-list-item\">\n\t\t\t\t\t\t\t\t\t\t\t<span class=\"elementor-icon-list-icon\">\n\t\t\t\t\t\t\t<i aria-hidden=\"true\" class=\"far fa-dot-circle\"><\/i>\t\t\t\t\t\t<\/span>\n\t\t\t\t\t\t\t\t\t\t<span class=\"elementor-icon-list-text\">Latest technologies,<\/span>\n\t\t\t\t\t\t\t\t\t<\/li>\n\t\t\t\t\t\t\t\t<li class=\"elementor-icon-list-item\">\n\t\t\t\t\t\t\t\t\t\t\t<span class=\"elementor-icon-list-icon\">\n\t\t\t\t\t\t\t<i aria-hidden=\"true\" class=\"far fa-dot-circle\"><\/i>\t\t\t\t\t\t<\/span>\n\t\t\t\t\t\t\t\t\t\t<span class=\"elementor-icon-list-text\">Customer satisfaction, not reference,<\/span>\n\t\t\t\t\t\t\t\t\t<\/li>\n\t\t\t\t\t\t\t\t<li class=\"elementor-icon-list-item\">\n\t\t\t\t\t\t\t\t\t\t\t<span class=\"elementor-icon-list-icon\">\n\t\t\t\t\t\t\t<i aria-hidden=\"true\" class=\"far fa-dot-circle\"><\/i>\t\t\t\t\t\t<\/span>\n\t\t\t\t\t\t\t\t\t\t<span class=\"elementor-icon-list-text\">Information sharing and transfer,<\/span>\n\t\t\t\t\t\t\t\t\t<\/li>\n\t\t\t\t\t\t\t\t<li class=\"elementor-icon-list-item\">\n\t\t\t\t\t\t\t\t\t\t\t<span class=\"elementor-icon-list-icon\">\n\t\t\t\t\t\t\t<i aria-hidden=\"true\" class=\"far fa-dot-circle\"><\/i>\t\t\t\t\t\t<\/span>\n\t\t\t\t\t\t\t\t\t\t<span class=\"elementor-icon-list-text\">Working with team spirit.<\/span>\n\t\t\t\t\t\t\t\t\t<\/li>\n\t\t\t\t\t\t<\/ul>\n\t\t\t\t<\/div>\n\t\t\t\t<\/div>\n\t\t\t\t\t<\/div>\n\t\t<\/div>\n\t\t\t\t<div class=\"elementor-column elementor-col-50 elementor-top-column elementor-element elementor-element-703490de\" data-id=\"703490de\" data-element_type=\"column\" data-settings=\"{&quot;background_background&quot;:&quot;classic&quot;}\">\n\t\t\t<div class=\"elementor-widget-wrap\">\n\t\t\t\t\t<div class=\"elementor-background-overlay\"><\/div>\n\t\t\t\t\t\t\t<\/div>\n\t\t<\/div>\n\t\t\t\t\t<\/div>\n\t\t<\/section>\n\t\t\t\t<\/div>","protected":false},"excerpt":{"rendered":"<p>V.\u0130.P. Ta\u015f\u0131mac\u0131l\u0131k \u0130stanbul Airport Transfer, 1995 y\u0131l\u0131ndan bu zamana kadar turizm ve turizm ta\u015f\u0131mac\u0131l\u0131\u011f\u0131 konular\u0131nda faaliyet g\u00f6steren bir kurulu\u015ftur. 30 y\u0131l\u0131n getirdi\u011fi tecr\u00fcbe ile \u0130stanbul\u2019un se\u00e7kin firma ve otellerine profesyonel ta\u015f\u0131mac\u0131l\u0131k hizmeti sunmaktay\u0131z. 10204 belge no ile T\u00dcRSAB\u2019a ba\u011fl\u0131 firmam\u0131z ( AL\u00c7\u0130N TUR\u0130ZM ) (A) Grubu Seyahat Acentesi olarak da hizmet vermektedir.Kuruldu\u011fu g\u00fcnden itibaren hizmet [&hellip;]<\/p>","protected":false},"author":1,"featured_media":0,"parent":0,"menu_order":0,"comment_status":"closed","ping_status":"closed","template":"","meta":{"footnotes":""},"class_list":["post-3671","page","type-page","status-publish","hentry"],"_links":{"self":[{"href":"https:\/\/istanbulairportransfer.com\/en\/wp-json\/wp\/v2\/pages\/3671","targetHints":{"allow":["GET"]}}],"collection":[{"href":"https:\/\/istanbulairportransfer.com\/en\/wp-json\/wp\/v2\/pages"}],"about":[{"href":"https:\/\/istanbulairportransfer.com\/en\/wp-json\/wp\/v2\/types\/page"}],"author":[{"embeddable":true,"href":"https:\/\/istanbulairportransfer.com\/en\/wp-json\/wp\/v2\/users\/1"}],"replies":[{"embeddable":true,"href":"https:\/\/istanbulairportransfer.com\/en\/wp-json\/wp\/v2\/comments?post=3671"}],"version-history":[{"count":9,"href":"https:\/\/istanbulairportransfer.com\/en\/wp-json\/wp\/v2\/pages\/3671\/revisions"}],"predecessor-version":[{"id":4194,"href":"https:\/\/istanbulairportransfer.com\/en\/wp-json\/wp\/v2\/pages\/3671\/revisions\/4194"}],"wp:attachment":[{"href":"https:\/\/istanbulairportransfer.com\/en\/wp-json\/wp\/v2\/media?parent=3671"}],"curies":[{"name":"wp","href":"https:\/\/api.w.org\/{rel}","templated":true}]}}