{"id":3673,"date":"2024-09-25T14:21:25","date_gmt":"2024-09-25T11:21:25","guid":{"rendered":"https:\/\/istanbulairportransfer.com\/?page_id=3673"},"modified":"2024-11-20T11:52:13","modified_gmt":"2024-11-20T08:52:13","slug":"referanslar","status":"publish","type":"page","link":"https:\/\/istanbulairportransfer.com\/en\/referanslar\/","title":{"rendered":"References"},"content":{"rendered":"<div data-elementor-type=\"wp-page\" data-elementor-id=\"3673\" class=\"elementor elementor-3673\">\n\t\t\t\t\t\t<section class=\"elementor-section elementor-top-section elementor-element elementor-element-db13333 elementor-section-boxed elementor-section-height-default elementor-section-height-default\" data-id=\"db13333\" data-element_type=\"section\" data-settings=\"{&quot;background_background&quot;:&quot;slideshow&quot;,&quot;background_slideshow_gallery&quot;:[{&quot;id&quot;:3705,&quot;url&quot;:&quot;https:\\\/\\\/istanbulairportransfer.com\\\/wp-content\\\/uploads\\\/2024\\\/09\\\/istanbul-vip-transfer-2.jpg&quot;},{&quot;id&quot;:3700,&quot;url&quot;:&quot;https:\\\/\\\/istanbulairportransfer.com\\\/wp-content\\\/uploads\\\/2024\\\/09\\\/byviptravel-istanbul-havalimani-vip-transfer-31.jpg&quot;},{&quot;id&quot;:3693,&quot;url&quot;:&quot;https:\\\/\\\/istanbulairportransfer.com\\\/wp-content\\\/uploads\\\/2024\\\/09\\\/EBAXKt3WkAIzei2.jpeg&quot;}],&quot;background_slideshow_ken_burns&quot;:&quot;yes&quot;,&quot;background_slideshow_loop&quot;:&quot;yes&quot;,&quot;background_slideshow_slide_duration&quot;:5000,&quot;background_slideshow_slide_transition&quot;:&quot;fade&quot;,&quot;background_slideshow_transition_duration&quot;:500,&quot;background_slideshow_ken_burns_zoom_direction&quot;:&quot;in&quot;}\">\n\t\t\t\t\t\t\t<div class=\"elementor-background-overlay\"><\/div>\n\t\t\t\t\t\t\t<div class=\"elementor-container elementor-column-gap-default\">\n\t\t\t\t\t<div class=\"elementor-column elementor-col-100 elementor-top-column elementor-element elementor-element-3048ed1\" data-id=\"3048ed1\" data-element_type=\"column\">\n\t\t\t<div class=\"elementor-widget-wrap elementor-element-populated\">\n\t\t\t\t\t\t<div class=\"elementor-element elementor-element-8da9bac premium-title-flex-start premium-title-color elementor-widget elementor-widget-premium-addon-title\" data-id=\"8da9bac\" data-element_type=\"widget\" data-widget_type=\"premium-addon-title.default\">\n\t\t\t\t<div class=\"elementor-widget-container\">\n\t\t\t\n\t\t<div class=\"premium-title-container style3\">\n\t\t\t<h2 class=\"premium-title-header premium-title-style3\">\n\t\t\t\t\n\t\t\t\t\n\t\t\t\t\t\t\t\t\t\t\t\t<span class=\"premium-title-text\" >\n\t\t\t\t\tReferences\t\t\t\t<\/span>\n\t\t\t\t\t\n\t\t\t\t\t\t\t\t\t\t\t<\/h2>\n\t\t<\/div>\n\n\t\t\t\t<\/div>\n\t\t\t\t<\/div>\n\t\t\t\t\t<\/div>\n\t\t<\/div>\n\t\t\t\t\t<\/div>\n\t\t<\/section>\n\t\t\t\t<section class=\"elementor-section elementor-top-section elementor-element elementor-element-211bbd9 elementor-section-boxed elementor-section-height-default elementor-section-height-default\" data-id=\"211bbd9\" data-element_type=\"section\">\n\t\t\t\t\t\t<div class=\"elementor-container elementor-column-gap-default\">\n\t\t\t\t\t<div class=\"elementor-column elementor-col-100 elementor-top-column elementor-element elementor-element-51f0731\" data-id=\"51f0731\" data-element_type=\"column\">\n\t\t\t<div class=\"elementor-widget-wrap elementor-element-populated\">\n\t\t\t\t\t\t<div class=\"elementor-element elementor-element-13d3e98 elementor-widget elementor-widget-text-editor\" data-id=\"13d3e98\" data-element_type=\"widget\" data-widget_type=\"text-editor.default\">\n\t\t\t\t<div class=\"elementor-widget-container\">\n\t\t\t\t\t\t\t<p style=\"text-align: center;\">Our references, which are indicators of our work experience and reliability, ensure that we are proud today and that we will work with reputable organizations with higher quality in our future.<\/p><p style=\"text-align: center;\">Hoping to see you among our references we have created with this whole working system\u2026<\/p>\t\t\t\t\t\t<\/div>\n\t\t\t\t<\/div>\n\t\t\t\t<div class=\"elementor-element elementor-element-b4a8049 elementor-widget elementor-widget-image-gallery\" data-id=\"b4a8049\" data-element_type=\"widget\" data-widget_type=\"image-gallery.default\">\n\t\t\t\t<div class=\"elementor-widget-container\">\n\t\t\t\t\t<div class=\"elementor-image-gallery\">\n\t\t\t\n\t\t<style type=\"text\/css\">\n\t\t\t#gallery-1 {\n\t\t\t\tmargin: auto;\n\t\t\t}\n\t\t\t#gallery-1 .gallery-item {\n\t\t\t\tfloat: left;\n\t\t\t\tmargin-top: 10px;\n\t\t\t\ttext-align: center;\n\t\t\t\twidth: 25%;\n\t\t\t}\n\t\t\t#gallery-1 img {\n\t\t\t\tborder: 2px solid #cfcfcf;\n\t\t\t}\n\t\t\t#gallery-1 .gallery-caption {\n\t\t\t\tmargin-left: 0;\n\t\t\t}\n\t\t\t\/* see gallery_shortcode() in wp-includes\/media.php *\/\n\t\t<\/style>\n\t\t<div id='gallery-1' class='gallery galleryid-3673 gallery-columns-4 gallery-size-full'><dl class='gallery-item'>\n\t\t\t<dt class='gallery-icon landscape'>\n\t\t\t\t<img decoding=\"async\" width=\"300\" height=\"150\" src=\"https:\/\/istanbulairportransfer.com\/wp-content\/uploads\/2024\/11\/32.jpg\" class=\"attachment-full size-full\" alt=\"\" srcset=\"https:\/\/istanbulairportransfer.com\/wp-content\/uploads\/2024\/11\/32.jpg 300w, https:\/\/istanbulairportransfer.com\/wp-content\/uploads\/2024\/11\/32-18x9.jpg 18w\" sizes=\"(max-width: 300px) 100vw, 300px\" \/>\n\t\t\t<\/dt><\/dl><dl class='gallery-item'>\n\t\t\t<dt class='gallery-icon landscape'>\n\t\t\t\t<img decoding=\"async\" width=\"300\" height=\"150\" src=\"https:\/\/istanbulairportransfer.com\/wp-content\/uploads\/2024\/11\/33.jpg\" class=\"attachment-full size-full\" alt=\"\" srcset=\"https:\/\/istanbulairportransfer.com\/wp-content\/uploads\/2024\/11\/33.jpg 300w, https:\/\/istanbulairportransfer.com\/wp-content\/uploads\/2024\/11\/33-18x9.jpg 18w\" sizes=\"(max-width: 300px) 100vw, 300px\" \/>\n\t\t\t<\/dt><\/dl><dl class='gallery-item'>\n\t\t\t<dt class='gallery-icon landscape'>\n\t\t\t\t<img decoding=\"async\" width=\"300\" height=\"150\" src=\"https:\/\/istanbulairportransfer.com\/wp-content\/uploads\/2024\/11\/34.jpg\" class=\"attachment-full size-full\" alt=\"\" srcset=\"https:\/\/istanbulairportransfer.com\/wp-content\/uploads\/2024\/11\/34.jpg 300w, https:\/\/istanbulairportransfer.com\/wp-content\/uploads\/2024\/11\/34-18x9.jpg 18w\" sizes=\"(max-width: 300px) 100vw, 300px\" \/>\n\t\t\t<\/dt><\/dl><dl class='gallery-item'>\n\t\t\t<dt class='gallery-icon landscape'>\n\t\t\t\t<img loading=\"lazy\" decoding=\"async\" width=\"300\" height=\"150\" src=\"https:\/\/istanbulairportransfer.com\/wp-content\/uploads\/2024\/11\/1.jpg\" class=\"attachment-full size-full\" alt=\"\" srcset=\"https:\/\/istanbulairportransfer.com\/wp-content\/uploads\/2024\/11\/1.jpg 300w, https:\/\/istanbulairportransfer.com\/wp-content\/uploads\/2024\/11\/1-18x9.jpg 18w\" sizes=\"(max-width: 300px) 100vw, 300px\" \/>\n\t\t\t<\/dt><\/dl><br style=\"clear: both\" \/><dl class='gallery-item'>\n\t\t\t<dt class='gallery-icon landscape'>\n\t\t\t\t<img loading=\"lazy\" decoding=\"async\" width=\"300\" height=\"150\" src=\"https:\/\/istanbulairportransfer.com\/wp-content\/uploads\/2024\/11\/2.jpg\" class=\"attachment-full size-full\" alt=\"\" srcset=\"https:\/\/istanbulairportransfer.com\/wp-content\/uploads\/2024\/11\/2.jpg 300w, https:\/\/istanbulairportransfer.com\/wp-content\/uploads\/2024\/11\/2-18x9.jpg 18w\" sizes=\"(max-width: 300px) 100vw, 300px\" \/>\n\t\t\t<\/dt><\/dl><dl class='gallery-item'>\n\t\t\t<dt class='gallery-icon landscape'>\n\t\t\t\t<img loading=\"lazy\" decoding=\"async\" width=\"300\" height=\"150\" src=\"https:\/\/istanbulairportransfer.com\/wp-content\/uploads\/2024\/11\/3.jpg\" class=\"attachment-full size-full\" alt=\"\" srcset=\"https:\/\/istanbulairportransfer.com\/wp-content\/uploads\/2024\/11\/3.jpg 300w, https:\/\/istanbulairportransfer.com\/wp-content\/uploads\/2024\/11\/3-18x9.jpg 18w\" sizes=\"(max-width: 300px) 100vw, 300px\" \/>\n\t\t\t<\/dt><\/dl><dl class='gallery-item'>\n\t\t\t<dt class='gallery-icon landscape'>\n\t\t\t\t<img loading=\"lazy\" decoding=\"async\" width=\"300\" height=\"150\" src=\"https:\/\/istanbulairportransfer.com\/wp-content\/uploads\/2024\/11\/4.jpg\" class=\"attachment-full size-full\" alt=\"\" srcset=\"https:\/\/istanbulairportransfer.com\/wp-content\/uploads\/2024\/11\/4.jpg 300w, https:\/\/istanbulairportransfer.com\/wp-content\/uploads\/2024\/11\/4-18x9.jpg 18w\" sizes=\"(max-width: 300px) 100vw, 300px\" \/>\n\t\t\t<\/dt><\/dl><dl class='gallery-item'>\n\t\t\t<dt class='gallery-icon landscape'>\n\t\t\t\t<img loading=\"lazy\" decoding=\"async\" width=\"300\" height=\"150\" src=\"https:\/\/istanbulairportransfer.com\/wp-content\/uploads\/2024\/11\/5.jpg\" class=\"attachment-full size-full\" alt=\"\" srcset=\"https:\/\/istanbulairportransfer.com\/wp-content\/uploads\/2024\/11\/5.jpg 300w, https:\/\/istanbulairportransfer.com\/wp-content\/uploads\/2024\/11\/5-18x9.jpg 18w\" sizes=\"(max-width: 300px) 100vw, 300px\" \/>\n\t\t\t<\/dt><\/dl><br style=\"clear: both\" \/><dl class='gallery-item'>\n\t\t\t<dt class='gallery-icon landscape'>\n\t\t\t\t<img loading=\"lazy\" decoding=\"async\" width=\"300\" height=\"150\" src=\"https:\/\/istanbulairportransfer.com\/wp-content\/uploads\/2024\/11\/6.jpg\" class=\"attachment-full size-full\" alt=\"\" srcset=\"https:\/\/istanbulairportransfer.com\/wp-content\/uploads\/2024\/11\/6.jpg 300w, https:\/\/istanbulairportransfer.com\/wp-content\/uploads\/2024\/11\/6-18x9.jpg 18w\" sizes=\"(max-width: 300px) 100vw, 300px\" \/>\n\t\t\t<\/dt><\/dl><dl class='gallery-item'>\n\t\t\t<dt class='gallery-icon landscape'>\n\t\t\t\t<img loading=\"lazy\" decoding=\"async\" width=\"300\" height=\"150\" src=\"https:\/\/istanbulairportransfer.com\/wp-content\/uploads\/2024\/11\/7.jpg\" class=\"attachment-full size-full\" alt=\"\" srcset=\"https:\/\/istanbulairportransfer.com\/wp-content\/uploads\/2024\/11\/7.jpg 300w, https:\/\/istanbulairportransfer.com\/wp-content\/uploads\/2024\/11\/7-18x9.jpg 18w\" sizes=\"(max-width: 300px) 100vw, 300px\" \/>\n\t\t\t<\/dt><\/dl><dl class='gallery-item'>\n\t\t\t<dt class='gallery-icon landscape'>\n\t\t\t\t<img loading=\"lazy\" decoding=\"async\" width=\"300\" height=\"150\" src=\"https:\/\/istanbulairportransfer.com\/wp-content\/uploads\/2024\/11\/8.jpg\" class=\"attachment-full size-full\" alt=\"\" srcset=\"https:\/\/istanbulairportransfer.com\/wp-content\/uploads\/2024\/11\/8.jpg 300w, https:\/\/istanbulairportransfer.com\/wp-content\/uploads\/2024\/11\/8-18x9.jpg 18w\" sizes=\"(max-width: 300px) 100vw, 300px\" \/>\n\t\t\t<\/dt><\/dl><dl class='gallery-item'>\n\t\t\t<dt class='gallery-icon landscape'>\n\t\t\t\t<img loading=\"lazy\" decoding=\"async\" width=\"300\" height=\"150\" src=\"https:\/\/istanbulairportransfer.com\/wp-content\/uploads\/2024\/11\/9.jpg\" class=\"attachment-full size-full\" alt=\"\" srcset=\"https:\/\/istanbulairportransfer.com\/wp-content\/uploads\/2024\/11\/9.jpg 300w, https:\/\/istanbulairportransfer.com\/wp-content\/uploads\/2024\/11\/9-18x9.jpg 18w\" sizes=\"(max-width: 300px) 100vw, 300px\" \/>\n\t\t\t<\/dt><\/dl><br style=\"clear: both\" \/><dl class='gallery-item'>\n\t\t\t<dt class='gallery-icon landscape'>\n\t\t\t\t<img loading=\"lazy\" decoding=\"async\" width=\"300\" height=\"150\" src=\"https:\/\/istanbulairportransfer.com\/wp-content\/uploads\/2024\/11\/10.jpg\" class=\"attachment-full size-full\" alt=\"\" srcset=\"https:\/\/istanbulairportransfer.com\/wp-content\/uploads\/2024\/11\/10.jpg 300w, https:\/\/istanbulairportransfer.com\/wp-content\/uploads\/2024\/11\/10-18x9.jpg 18w\" sizes=\"(max-width: 300px) 100vw, 300px\" \/>\n\t\t\t<\/dt><\/dl><dl class='gallery-item'>\n\t\t\t<dt class='gallery-icon landscape'>\n\t\t\t\t<img loading=\"lazy\" decoding=\"async\" width=\"300\" height=\"150\" src=\"https:\/\/istanbulairportransfer.com\/wp-content\/uploads\/2024\/11\/11.jpg\" class=\"attachment-full size-full\" alt=\"\" srcset=\"https:\/\/istanbulairportransfer.com\/wp-content\/uploads\/2024\/11\/11.jpg 300w, https:\/\/istanbulairportransfer.com\/wp-content\/uploads\/2024\/11\/11-18x9.jpg 18w\" sizes=\"(max-width: 300px) 100vw, 300px\" \/>\n\t\t\t<\/dt><\/dl><dl class='gallery-item'>\n\t\t\t<dt class='gallery-icon landscape'>\n\t\t\t\t<img loading=\"lazy\" decoding=\"async\" width=\"300\" height=\"150\" src=\"https:\/\/istanbulairportransfer.com\/wp-content\/uploads\/2024\/11\/12.jpg\" class=\"attachment-full size-full\" alt=\"\" srcset=\"https:\/\/istanbulairportransfer.com\/wp-content\/uploads\/2024\/11\/12.jpg 300w, https:\/\/istanbulairportransfer.com\/wp-content\/uploads\/2024\/11\/12-18x9.jpg 18w\" sizes=\"(max-width: 300px) 100vw, 300px\" \/>\n\t\t\t<\/dt><\/dl><dl class='gallery-item'>\n\t\t\t<dt class='gallery-icon landscape'>\n\t\t\t\t<img loading=\"lazy\" decoding=\"async\" width=\"300\" height=\"150\" src=\"https:\/\/istanbulairportransfer.com\/wp-content\/uploads\/2024\/11\/13.jpg\" class=\"attachment-full size-full\" alt=\"\" srcset=\"https:\/\/istanbulairportransfer.com\/wp-content\/uploads\/2024\/11\/13.jpg 300w, https:\/\/istanbulairportransfer.com\/wp-content\/uploads\/2024\/11\/13-18x9.jpg 18w\" sizes=\"(max-width: 300px) 100vw, 300px\" \/>\n\t\t\t<\/dt><\/dl><br style=\"clear: both\" \/><dl class='gallery-item'>\n\t\t\t<dt class='gallery-icon landscape'>\n\t\t\t\t<img loading=\"lazy\" decoding=\"async\" width=\"300\" height=\"150\" src=\"https:\/\/istanbulairportransfer.com\/wp-content\/uploads\/2024\/11\/14.jpg\" class=\"attachment-full size-full\" alt=\"\" srcset=\"https:\/\/istanbulairportransfer.com\/wp-content\/uploads\/2024\/11\/14.jpg 300w, https:\/\/istanbulairportransfer.com\/wp-content\/uploads\/2024\/11\/14-18x9.jpg 18w\" sizes=\"(max-width: 300px) 100vw, 300px\" \/>\n\t\t\t<\/dt><\/dl><dl class='gallery-item'>\n\t\t\t<dt class='gallery-icon landscape'>\n\t\t\t\t<img loading=\"lazy\" decoding=\"async\" width=\"300\" height=\"150\" src=\"https:\/\/istanbulairportransfer.com\/wp-content\/uploads\/2024\/11\/15.jpg\" class=\"attachment-full size-full\" alt=\"\" srcset=\"https:\/\/istanbulairportransfer.com\/wp-content\/uploads\/2024\/11\/15.jpg 300w, https:\/\/istanbulairportransfer.com\/wp-content\/uploads\/2024\/11\/15-18x9.jpg 18w\" sizes=\"(max-width: 300px) 100vw, 300px\" \/>\n\t\t\t<\/dt><\/dl><dl class='gallery-item'>\n\t\t\t<dt class='gallery-icon landscape'>\n\t\t\t\t<img loading=\"lazy\" decoding=\"async\" width=\"300\" height=\"150\" src=\"https:\/\/istanbulairportransfer.com\/wp-content\/uploads\/2024\/11\/16.jpg\" class=\"attachment-full size-full\" alt=\"\" srcset=\"https:\/\/istanbulairportransfer.com\/wp-content\/uploads\/2024\/11\/16.jpg 300w, https:\/\/istanbulairportransfer.com\/wp-content\/uploads\/2024\/11\/16-18x9.jpg 18w\" sizes=\"(max-width: 300px) 100vw, 300px\" \/>\n\t\t\t<\/dt><\/dl><dl class='gallery-item'>\n\t\t\t<dt class='gallery-icon landscape'>\n\t\t\t\t<img loading=\"lazy\" decoding=\"async\" width=\"300\" height=\"150\" src=\"https:\/\/istanbulairportransfer.com\/wp-content\/uploads\/2024\/11\/17.jpg\" class=\"attachment-full size-full\" alt=\"\" srcset=\"https:\/\/istanbulairportransfer.com\/wp-content\/uploads\/2024\/11\/17.jpg 300w, https:\/\/istanbulairportransfer.com\/wp-content\/uploads\/2024\/11\/17-18x9.jpg 18w\" sizes=\"(max-width: 300px) 100vw, 300px\" \/>\n\t\t\t<\/dt><\/dl><br style=\"clear: both\" \/><dl class='gallery-item'>\n\t\t\t<dt class='gallery-icon landscape'>\n\t\t\t\t<img loading=\"lazy\" decoding=\"async\" width=\"300\" height=\"150\" src=\"https:\/\/istanbulairportransfer.com\/wp-content\/uploads\/2024\/11\/18.jpg\" class=\"attachment-full size-full\" alt=\"\" srcset=\"https:\/\/istanbulairportransfer.com\/wp-content\/uploads\/2024\/11\/18.jpg 300w, https:\/\/istanbulairportransfer.com\/wp-content\/uploads\/2024\/11\/18-18x9.jpg 18w\" sizes=\"(max-width: 300px) 100vw, 300px\" \/>\n\t\t\t<\/dt><\/dl><dl class='gallery-item'>\n\t\t\t<dt class='gallery-icon landscape'>\n\t\t\t\t<img loading=\"lazy\" decoding=\"async\" width=\"300\" height=\"150\" src=\"https:\/\/istanbulairportransfer.com\/wp-content\/uploads\/2024\/11\/19.jpg\" class=\"attachment-full size-full\" alt=\"\" srcset=\"https:\/\/istanbulairportransfer.com\/wp-content\/uploads\/2024\/11\/19.jpg 300w, https:\/\/istanbulairportransfer.com\/wp-content\/uploads\/2024\/11\/19-18x9.jpg 18w\" sizes=\"(max-width: 300px) 100vw, 300px\" \/>\n\t\t\t<\/dt><\/dl><dl class='gallery-item'>\n\t\t\t<dt class='gallery-icon landscape'>\n\t\t\t\t<img loading=\"lazy\" decoding=\"async\" width=\"300\" height=\"150\" src=\"https:\/\/istanbulairportransfer.com\/wp-content\/uploads\/2024\/11\/20.jpg\" class=\"attachment-full size-full\" alt=\"\" srcset=\"https:\/\/istanbulairportransfer.com\/wp-content\/uploads\/2024\/11\/20.jpg 300w, https:\/\/istanbulairportransfer.com\/wp-content\/uploads\/2024\/11\/20-18x9.jpg 18w\" sizes=\"(max-width: 300px) 100vw, 300px\" \/>\n\t\t\t<\/dt><\/dl><dl class='gallery-item'>\n\t\t\t<dt class='gallery-icon landscape'>\n\t\t\t\t<img loading=\"lazy\" decoding=\"async\" width=\"300\" height=\"150\" src=\"https:\/\/istanbulairportransfer.com\/wp-content\/uploads\/2024\/11\/21.jpg\" class=\"attachment-full size-full\" alt=\"\" srcset=\"https:\/\/istanbulairportransfer.com\/wp-content\/uploads\/2024\/11\/21.jpg 300w, https:\/\/istanbulairportransfer.com\/wp-content\/uploads\/2024\/11\/21-18x9.jpg 18w\" sizes=\"(max-width: 300px) 100vw, 300px\" \/>\n\t\t\t<\/dt><\/dl><br style=\"clear: both\" \/><dl class='gallery-item'>\n\t\t\t<dt class='gallery-icon landscape'>\n\t\t\t\t<img loading=\"lazy\" decoding=\"async\" width=\"300\" height=\"150\" src=\"https:\/\/istanbulairportransfer.com\/wp-content\/uploads\/2024\/11\/22.jpg\" class=\"attachment-full size-full\" alt=\"\" srcset=\"https:\/\/istanbulairportransfer.com\/wp-content\/uploads\/2024\/11\/22.jpg 300w, https:\/\/istanbulairportransfer.com\/wp-content\/uploads\/2024\/11\/22-18x9.jpg 18w\" sizes=\"(max-width: 300px) 100vw, 300px\" \/>\n\t\t\t<\/dt><\/dl><dl class='gallery-item'>\n\t\t\t<dt class='gallery-icon landscape'>\n\t\t\t\t<img loading=\"lazy\" decoding=\"async\" width=\"300\" height=\"150\" src=\"https:\/\/istanbulairportransfer.com\/wp-content\/uploads\/2024\/11\/23.jpg\" class=\"attachment-full size-full\" alt=\"\" srcset=\"https:\/\/istanbulairportransfer.com\/wp-content\/uploads\/2024\/11\/23.jpg 300w, https:\/\/istanbulairportransfer.com\/wp-content\/uploads\/2024\/11\/23-18x9.jpg 18w\" sizes=\"(max-width: 300px) 100vw, 300px\" \/>\n\t\t\t<\/dt><\/dl><dl class='gallery-item'>\n\t\t\t<dt class='gallery-icon landscape'>\n\t\t\t\t<img loading=\"lazy\" decoding=\"async\" width=\"300\" height=\"150\" src=\"https:\/\/istanbulairportransfer.com\/wp-content\/uploads\/2024\/11\/24.jpg\" class=\"attachment-full size-full\" alt=\"\" srcset=\"https:\/\/istanbulairportransfer.com\/wp-content\/uploads\/2024\/11\/24.jpg 300w, https:\/\/istanbulairportransfer.com\/wp-content\/uploads\/2024\/11\/24-18x9.jpg 18w\" sizes=\"(max-width: 300px) 100vw, 300px\" \/>\n\t\t\t<\/dt><\/dl><dl class='gallery-item'>\n\t\t\t<dt class='gallery-icon landscape'>\n\t\t\t\t<img loading=\"lazy\" decoding=\"async\" width=\"300\" height=\"150\" src=\"https:\/\/istanbulairportransfer.com\/wp-content\/uploads\/2024\/11\/25.jpg\" class=\"attachment-full size-full\" alt=\"\" srcset=\"https:\/\/istanbulairportransfer.com\/wp-content\/uploads\/2024\/11\/25.jpg 300w, https:\/\/istanbulairportransfer.com\/wp-content\/uploads\/2024\/11\/25-18x9.jpg 18w\" sizes=\"(max-width: 300px) 100vw, 300px\" \/>\n\t\t\t<\/dt><\/dl><br style=\"clear: both\" \/><dl class='gallery-item'>\n\t\t\t<dt class='gallery-icon landscape'>\n\t\t\t\t<img loading=\"lazy\" decoding=\"async\" width=\"300\" height=\"150\" src=\"https:\/\/istanbulairportransfer.com\/wp-content\/uploads\/2024\/11\/26.jpg\" class=\"attachment-full size-full\" alt=\"\" srcset=\"https:\/\/istanbulairportransfer.com\/wp-content\/uploads\/2024\/11\/26.jpg 300w, https:\/\/istanbulairportransfer.com\/wp-content\/uploads\/2024\/11\/26-18x9.jpg 18w\" sizes=\"(max-width: 300px) 100vw, 300px\" \/>\n\t\t\t<\/dt><\/dl><dl class='gallery-item'>\n\t\t\t<dt class='gallery-icon landscape'>\n\t\t\t\t<img loading=\"lazy\" decoding=\"async\" width=\"300\" height=\"150\" src=\"https:\/\/istanbulairportransfer.com\/wp-content\/uploads\/2024\/11\/27.jpg\" class=\"attachment-full size-full\" alt=\"\" srcset=\"https:\/\/istanbulairportransfer.com\/wp-content\/uploads\/2024\/11\/27.jpg 300w, https:\/\/istanbulairportransfer.com\/wp-content\/uploads\/2024\/11\/27-18x9.jpg 18w\" sizes=\"(max-width: 300px) 100vw, 300px\" \/>\n\t\t\t<\/dt><\/dl><dl class='gallery-item'>\n\t\t\t<dt class='gallery-icon landscape'>\n\t\t\t\t<img loading=\"lazy\" decoding=\"async\" width=\"300\" height=\"150\" src=\"https:\/\/istanbulairportransfer.com\/wp-content\/uploads\/2024\/11\/28.jpg\" class=\"attachment-full size-full\" alt=\"\" srcset=\"https:\/\/istanbulairportransfer.com\/wp-content\/uploads\/2024\/11\/28.jpg 300w, https:\/\/istanbulairportransfer.com\/wp-content\/uploads\/2024\/11\/28-18x9.jpg 18w\" sizes=\"(max-width: 300px) 100vw, 300px\" \/>\n\t\t\t<\/dt><\/dl><dl class='gallery-item'>\n\t\t\t<dt class='gallery-icon landscape'>\n\t\t\t\t<img loading=\"lazy\" decoding=\"async\" width=\"300\" height=\"150\" src=\"https:\/\/istanbulairportransfer.com\/wp-content\/uploads\/2024\/11\/29.jpg\" class=\"attachment-full size-full\" alt=\"\" srcset=\"https:\/\/istanbulairportransfer.com\/wp-content\/uploads\/2024\/11\/29.jpg 300w, https:\/\/istanbulairportransfer.com\/wp-content\/uploads\/2024\/11\/29-18x9.jpg 18w\" sizes=\"(max-width: 300px) 100vw, 300px\" \/>\n\t\t\t<\/dt><\/dl><br style=\"clear: both\" \/><dl class='gallery-item'>\n\t\t\t<dt class='gallery-icon landscape'>\n\t\t\t\t<img loading=\"lazy\" decoding=\"async\" width=\"300\" height=\"150\" src=\"https:\/\/istanbulairportransfer.com\/wp-content\/uploads\/2024\/11\/30.jpg\" class=\"attachment-full size-full\" alt=\"\" srcset=\"https:\/\/istanbulairportransfer.com\/wp-content\/uploads\/2024\/11\/30.jpg 300w, https:\/\/istanbulairportransfer.com\/wp-content\/uploads\/2024\/11\/30-18x9.jpg 18w\" sizes=\"(max-width: 300px) 100vw, 300px\" \/>\n\t\t\t<\/dt><\/dl><dl class='gallery-item'>\n\t\t\t<dt class='gallery-icon landscape'>\n\t\t\t\t<img loading=\"lazy\" decoding=\"async\" width=\"300\" height=\"150\" src=\"https:\/\/istanbulairportransfer.com\/wp-content\/uploads\/2024\/11\/31.jpg\" class=\"attachment-full size-full\" alt=\"\" srcset=\"https:\/\/istanbulairportransfer.com\/wp-content\/uploads\/2024\/11\/31.jpg 300w, https:\/\/istanbulairportransfer.com\/wp-content\/uploads\/2024\/11\/31-18x9.jpg 18w\" sizes=\"(max-width: 300px) 100vw, 300px\" \/>\n\t\t\t<\/dt><\/dl>\n\t\t\t<br style='clear: both' \/>\n\t\t<\/div>\n\t\t<\/div>\n\t\t\t\t<\/div>\n\t\t\t\t<\/div>\n\t\t\t\t\t<\/div>\n\t\t<\/div>\n\t\t\t\t\t<\/div>\n\t\t<\/section>\n\t\t\t\t<\/div>","protected":false},"excerpt":{"rendered":"<p>Te\u015fekk\u00fcr ederiz \u0130\u015f tecr\u00fcbemizin ve g\u00fcvenilirli\u011fimizin g\u00f6stergesi olan referanslar\u0131m\u0131z, bu g\u00fcn\u00fcm\u00fczde gururlu olmam\u0131z\u0131, yar\u0131nlar\u0131m\u0131z\u0131n daha y\u00fcksek kalite ile sayg\u0131n kurulu\u015flarla \u00e7al\u0131\u015faca\u011f\u0131m\u0131z\u0131n g\u00fcvencesini vermektedir. T\u00fcm bu \u00e7al\u0131\u015fma sistemiyle olu\u015fturdu\u011fumuz referanslar\u0131m\u0131z aras\u0131nda sizleri de g\u00f6rmek \u00fcmidiyle\u2026<\/p>","protected":false},"author":1,"featured_media":0,"parent":0,"menu_order":0,"comment_status":"closed","ping_status":"closed","template":"","meta":{"footnotes":""},"class_list":["post-3673","page","type-page","status-publish","hentry"],"_links":{"self":[{"href":"https:\/\/istanbulairportransfer.com\/en\/wp-json\/wp\/v2\/pages\/3673","targetHints":{"allow":["GET"]}}],"collection":[{"href":"https:\/\/istanbulairportransfer.com\/en\/wp-json\/wp\/v2\/pages"}],"about":[{"href":"https:\/\/istanbulairportransfer.com\/en\/wp-json\/wp\/v2\/types\/page"}],"author":[{"embeddable":true,"href":"https:\/\/istanbulairportransfer.com\/en\/wp-json\/wp\/v2\/users\/1"}],"replies":[{"embeddable":true,"href":"https:\/\/istanbulairportransfer.com\/en\/wp-json\/wp\/v2\/comments?post=3673"}],"version-history":[{"count":0,"href":"https:\/\/istanbulairportransfer.com\/en\/wp-json\/wp\/v2\/pages\/3673\/revisions"}],"wp:attachment":[{"href":"https:\/\/istanbulairportransfer.com\/en\/wp-json\/wp\/v2\/media?parent=3673"}],"curies":[{"name":"wp","href":"https:\/\/api.w.org\/{rel}","templated":true}]}}